{"id":82,"date":"2025-08-04T17:11:04","date_gmt":"2025-08-04T17:11:04","guid":{"rendered":"https:\/\/at-the-edge.uk.com\/?page_id=82"},"modified":"2025-08-04T17:13:43","modified_gmt":"2025-08-04T17:13:43","slug":"da-ga-luck8","status":"publish","type":"page","link":"https:\/\/at-the-edge.uk.com\/index.php\/da-ga-luck8\/","title":{"rendered":"\u0110\u00e1 G\u00e0 Luck8 &#8211; C\u00e1ch Tham Gia Tr\u1ea3i Nghi\u1ec7m Nh\u1eadn Th\u01b0\u1edfng L\u1edbn"},"content":{"rendered":"<h1 style=\"text-align: center;\"><strong>\u0110\u00e1 G\u00e0 Luck8 &#8211; C\u00e1ch Tham Gia Tr\u1ea3i Nghi\u1ec7m Nh\u1eadn Th\u01b0\u1edfng L\u1edbn<\/strong><\/h1>\n<p><a href=\"https:\/\/at-the-edge.uk.com\/index.php\/da-ga-luck8\/\"><b>\u0110\u00e1 g\u00e0 Luck8<\/b><\/a><span style=\"font-weight: 400;\"> lu\u00f4n l\u00e0 \u0111i\u1ec3m \u0111\u1ebfn c\u00f3 doanh thu thu\u1ed9c h\u00e0ng top c\u1ee7a n\u1ec1n t\u1ea3ng ch\u00fang t\u00f4i. V\u1edbi nh\u1eefng tr\u1eadn \u0111\u1ea5u si\u00eau h\u1ea5p d\u1eabn, c\u00e1c chi\u1ebfn k\u00ea tung ra nh\u1eefng c\u00fa \u0111\u00e1 h\u1ea1 g\u1ee5c \u0111\u1ed1i th\u1ee7 ngay l\u1eadp t\u1ee9c. C\u00f9ng <strong><a href=\"https:\/\/at-the-edge.uk.com\/\">nh\u00e0 c\u00e1i Luck8<\/a><\/strong> t\u00ecm hi\u1ec3u th\u00f4ng tin \u0111\u1ea7y \u0111\u1ee7 v\u1ec1 ch\u00ednh s\u00e2n ch\u01a1i \u0111\u1ea7y th\u00fa v\u1ecb n\u00e0y nh\u00e9.<\/span><\/p>\n<h2><b>\u0110\u00e1 g\u00e0 Luck8 v\u00e0 th\u00f4ng tin th\u00fa v\u1ecb<\/b><\/h2>\n<p><b>\u0110\u00e1 g\u00e0 Luck8<\/b><span style=\"font-weight: 400;\"> l\u00e0 m\u1ed9t s\u00e2n ch\u01a1i \u0111\u01b0\u1ee3c ng\u01b0\u1eddi d\u00f9ng ch\u00e0o \u0111\u00f3n v\u00ec nh\u1eefng l\u1ee3i \u00edch m\u00e0 ch\u00ednh n\u00f3 \u0111em l\u1ea1i. V\u1edbi ch\u1ea5t l\u01b0\u1ee3ng h\u00ecnh \u1ea3nh r\u00f5 n\u00e9t, h\u1ed9i vi\u00ean s\u1ebd tr\u1ea3i nghi\u1ec7m nh\u1eefng di\u1ec5n bi\u1ebfn si\u00eau h\u1ea5p d\u1eabn, c\u00e1c c\u00fa \u0111\u00e1 v\u1edbi s\u00e1t th\u01b0\u01a1ng m\u1ea1nh nh\u1ea5t. Ch\u00ednh \u0111i\u1ec1u n\u00e0y \u0111\u00e3 t\u1ea1o ra nh\u1eefng gi\u00e2y ph\u00fat gi\u1ea3i tr\u00ed h\u1ea5p d\u1eabn cho kh\u00e1ch h\u00e0ng tham gia.<\/span><\/p>\n<figure id=\"attachment_84\" aria-describedby=\"caption-attachment-84\" style=\"width: 800px\" class=\"wp-caption aligncenter\"><img loading=\"lazy\" decoding=\"async\" class=\"size-full wp-image-84\" src=\"https:\/\/at-the-edge.uk.com\/wp-content\/uploads\/2025\/08\/da-ga-luck8-va-thong-tin-thu-vi.jpg\" alt=\"\u0110\u00e1 g\u00e0 Luck8 v\u00e0 th\u00f4ng tin th\u00fa v\u1ecb\" width=\"800\" height=\"400\" srcset=\"https:\/\/at-the-edge.uk.com\/wp-content\/uploads\/2025\/08\/da-ga-luck8-va-thong-tin-thu-vi.jpg 800w, https:\/\/at-the-edge.uk.com\/wp-content\/uploads\/2025\/08\/da-ga-luck8-va-thong-tin-thu-vi-300x150.jpg 300w, https:\/\/at-the-edge.uk.com\/wp-content\/uploads\/2025\/08\/da-ga-luck8-va-thong-tin-thu-vi-768x384.jpg 768w\" sizes=\"auto, (max-width: 800px) 100vw, 800px\" \/><figcaption id=\"caption-attachment-84\" class=\"wp-caption-text\">\u0110\u00e1 g\u00e0 Luck8 v\u00e0 th\u00f4ng tin th\u00fa v\u1ecb<\/figcaption><\/figure>\n<p><span style=\"font-weight: 400;\">Ngo\u00e0i ra, h\u1ec7 th\u1ed1ng c\u00f2n cung c\u1ea5p \u0111a d\u1ea1ng b\u1ea3ng k\u00e8o c\u00e1 c\u01b0\u1ee3c kh\u00e1c nhau nh\u01b0 C\u1ea3 tr\u1eadn, N\u1eeda tr\u1eadn,&#8230; B\u00ean c\u1ea1nh \u0111\u00f3, r\u1ea5t nhi\u1ec1u \u01b0u \u0111\u00e3i h\u1ea5p d\u1eabn c\u0169ng th\u01b0\u1eddng xuy\u00ean \u0111\u01b0\u1ee3c t\u1ed5 ch\u1ee9c \u0111\u1ec3 tri \u00e2n ng\u01b0\u1eddi ch\u01a1i v\u00e0 \u0111em \u0111\u1ebfn nhi\u1ec1u ph\u1ea7n th\u01b0\u1edfng th\u00fa v\u1ecb. H\u00e3y tham gia ngay l\u1eadp t\u1ee9c \u0111\u1ec3 tr\u00e1nh b\u1ecf l\u1ee1 b\u1ea5t k\u1ef3 c\u01a1 h\u1ed9i c\u00e1 c\u01b0\u1ee3c nh\u1eadn th\u01b0\u1edfng l\u1edbn n\u00e0o nh\u00e9.<\/span><\/p>\n<h2><b>C\u00e1c lo\u1ea1i h\u00ecnh \u0111\u00e1 g\u00e0 Luck8 c\u00f3 th\u1ec3 tham gia<\/b><\/h2>\n<p><span style=\"font-weight: 400;\">\u0110\u1ec3 c\u00f3 \u0111\u01b0\u1ee3c nh\u1eefng tr\u1ea3i nghi\u1ec7m t\u1ed1t nh\u1ea5t, b\u1ea1n c\u1ea7n ph\u1ea3i l\u1ef1a ch\u1ecdn ra cho m\u00ecnh m\u1ed9t s\u00e2n ch\u01a1i ph\u00f9 h\u1ee3p nh\u1ea5t. \u0110i\u1ec3m danh m\u1ed9t s\u1ed1 s\u00e2n ch\u01a1i ph\u1ed5 bi\u1ebfn th\u01b0\u1eddng \u0111\u01b0\u1ee3c h\u1ed9i vi\u00ean l\u1ef1a ch\u1ecdn khi \u0111\u1ebfn v\u1edbi s\u00e2n ch\u01a1i n\u00e0y l\u00e0:<\/span><\/p>\n<h3><b>C\u1ef1a dao<\/b><\/h3>\n<p><span style=\"font-weight: 400;\">V\u1edbi lo\u1ea1i h\u00ecnh n\u00e0y, c\u00e1c chi\u1ebfn k\u00ea s\u1ebd \u0111\u01b0\u1ee3c trang b\u1ecb th\u00eam m\u1ed9t c\u1ef1a dao \u0111\u1ec3 t\u0103ng s\u00e1t th\u01b0\u01a1ng, nh\u1eb1m tung ra nh\u1eefng c\u00fa \u0111\u00e1 hi\u1ec3m h\u00f3c. H\u1ea7u h\u1ebft nh\u1eefng tr\u1eadn \u0111\u1ea5u \u0111\u1ec1u s\u1ebd t\u1ea1o ra nh\u1eefng s\u00e1t th\u01b0\u01a1ng ch\u00ed m\u1ea1ng, h\u1ea1 g\u1ee5c \u0111\u1ed1i th\u1ee7 trong v\u00f2ng 1 c\u00fa \u0111\u00e1 duy nh\u1ea5t. Ch\u00ednh \u0111i\u1ec1u n\u00e0y \u0111\u00e3 thu h\u00fat h\u1ed9i vi\u00ean truy c\u1eadp th\u01b0\u1eddng xuy\u00ean v\u00e0 tham gia tr\u1ea3i nghi\u1ec7m c\u00e1 c\u01b0\u1ee3c.<\/span><\/p>\n<figure id=\"attachment_83\" aria-describedby=\"caption-attachment-83\" style=\"width: 800px\" class=\"wp-caption aligncenter\"><img loading=\"lazy\" decoding=\"async\" class=\"size-full wp-image-83\" src=\"https:\/\/at-the-edge.uk.com\/wp-content\/uploads\/2025\/08\/cac-loai-hinh-da-ga-luck8.jpg\" alt=\"C\u00e1c lo\u1ea1i h\u00ecnh \u0111\u00e1 g\u00e0 Luck8 c\u00f3 th\u1ec3 tham gia\" width=\"800\" height=\"400\" srcset=\"https:\/\/at-the-edge.uk.com\/wp-content\/uploads\/2025\/08\/cac-loai-hinh-da-ga-luck8.jpg 800w, https:\/\/at-the-edge.uk.com\/wp-content\/uploads\/2025\/08\/cac-loai-hinh-da-ga-luck8-300x150.jpg 300w, https:\/\/at-the-edge.uk.com\/wp-content\/uploads\/2025\/08\/cac-loai-hinh-da-ga-luck8-768x384.jpg 768w\" sizes=\"auto, (max-width: 800px) 100vw, 800px\" \/><figcaption id=\"caption-attachment-83\" class=\"wp-caption-text\">C\u00e1c lo\u1ea1i h\u00ecnh \u0111\u00e1 g\u00e0 Luck8 c\u00f3 th\u1ec3 tham gia<\/figcaption><\/figure>\n<h3><b>C\u1ef1a s\u1eaft<\/b><\/h3>\n<p><span style=\"font-weight: 400;\">Lo\u1ea1i h\u00ecnh n\u00e0y v\u1eabn y\u00eau c\u1ea7u chi\u1ebfn k\u00ea c\u1ea7n ph\u1ea3i trang b\u1ecb c\u1ef1a, nh\u01b0ng s\u1ef1 kh\u00e1c bi\u1ec7t \u1edf \u0111\u00e2y th\u00ec ch\u00fang s\u1ebd \u0111\u01b0\u1ee3c m\u00e0i cho s\u1eafc h\u01a1n. Ch\u00ednh \u0111i\u1ec1u n\u00e0y n\u00ean s\u00e1t th\u01b0\u01a1ng \u0111\u1ebfn t\u1eeb nh\u1eefng c\u00fa \u0111\u00e1 c\u0169ng cao h\u01a1n v\u00e0 h\u1ea1 s\u00e1t \u0111\u1ed1i th\u1ee7 ngay l\u1eadp t\u1ee9c. M\u1ed7i v\u00e1n \u0111\u1ea5u \u0111\u1ec1u r\u1ea5t k\u1ecbch t\u00ednh, mang \u0111\u1ebfn c\u1ea3m gi\u00e1c ph\u1ea5n kh\u00edch cho kh\u00e1n gi\u1ea3 theo d\u00f5i.<\/span><\/p>\n<p><span style=\"font-weight: 400;\">H\u1ea7u h\u1ebft c\u00e1c tr\u1eadn \u0111\u1ea5u \u0111\u1ec1u r\u1ea5t m\u00e1u me, v\u00ec th\u1ebf h\u00e3y c\u00e2n nh\u1eafc k\u1ef9 c\u00e0ng tr\u01b0\u1edbc khi tham gia ch\u00ednh th\u1ec3 lo\u1ea1i n\u00e0y. Nh\u1eefng tr\u1ea3i nghi\u1ec7m t\u1ea1i \u0111\u00e2y tuy h\u1ea5p d\u1eabn nh\u01b0ng r\u1ea5t k\u00e9n ng\u01b0\u1eddi xem, ch\u00ednh v\u00ec th\u1ebf ph\u1ea7n th\u01b0\u1edfng nh\u1eadn v\u1ec1 c\u0169ng kh\u00e1 l\u1edbn. T\u1ea1o ra nh\u1eefng tr\u1ea3i nghi\u1ec7m th\u00fa v\u1ecb, m\u1edbi l\u1ea1 v\u00e0 ng\u1eadp tr\u00e0n hy v\u1ecdng cho to\u00e0n b\u1ed9 h\u1ed9i vi\u00ean.<\/span><\/p>\n<h3><b>Thomo<\/b><\/h3>\n<p><span style=\"font-weight: 400;\">M\u1ed9t h\u00ecnh th\u1ee9c ph\u1ed5 bi\u1ebfn, g\u1eafn li\u1ec1n v\u1edbi v\u0103n h\u00f3a c\u1ee7a ng\u01b0\u1eddi d\u00e2n Vi\u1ec7t Nam, th\u01b0\u1eddng \u0111\u01b0\u1ee3c t\u1ed5 ch\u1ee9c t\u1ea1i c\u00e1c l\u1ec5 h\u1ed9i, s\u1ef1 ki\u1ec7n kh\u00e1c nhau. Th\u00f4ng th\u01b0\u1eddng, chi\u1ebfn k\u00ea t\u1ea1i lo\u1ea1i h\u00ecnh n\u00e0y \u0111\u01b0\u1ee3c ch\u0103m s\u00f3c r\u1ea5t k\u1ef9 c\u00e0ng v\u00e0 c\u00f3 nhi\u1ec1u ti\u00eau ch\u00ed y\u00eau c\u1ea7u kh\u00e1c nhau. Ch\u00ednh \u0111i\u1ec1u n\u00e0y \u0111\u00e3 t\u1ea1o n\u00ean s\u1ef1 chuy\u00ean nghi\u1ec7p, t\u1ea1o ra nh\u1eefng di\u1ec5n bi\u1ebfn si\u00eau h\u1ea5p d\u1eabn \u0111\u1ec3 h\u1ed9i vi\u00ean c\u00f3 th\u1ec3 theo d\u00f5i.<\/span><\/p>\n<p><span style=\"font-weight: 400;\">C\u00e1c c\u00e1 th\u1ec3 tham gia c\u1ea7n ph\u1ea3i c\u00f3 th\u1ec3 tr\u1ea1ng ngang b\u1eb1ng v\u1edbi nhau, \u0111\u01b0\u1ee3c hu\u1ea5n luy\u1ec7n b\u00e0i b\u1ea3n v\u00e0 ch\u0103m s\u00f3c r\u1ea5t t\u1ec9 m\u1ec9. Th\u1eddi gian thi \u0111\u1ea5u c\u1ee7a m\u1ed9t hi\u1ec7p th\u01b0\u1eddng l\u00e0 15 ph\u00fat v\u00e0 n\u1ebfu kh\u00f4ng ph\u00e2n bi\u1ec7t \u0111\u01b0\u1ee3c th\u1eafng thua s\u1ebd \u0111\u01b0\u1ee3c ngh\u1ec9 gi\u1ea3i lao 5 ph\u00fat. \u0110i\u1ec1u n\u00e0y s\u1ebd gi\u1ea3m t\u00ecnh tr\u1ea1ng ki\u1ec7t s\u1ee9c, d\u1eabn \u0111\u1ebfn c\u1ea3 2 con \u0111\u1ec1u b\u1ecf cu\u1ed9c, kh\u00f4ng tham gia thi \u0111\u1ea5u n\u1eefa.<\/span><\/p>\n<h2><b>K\u1ebft lu\u1eadn<\/b><\/h2>\n<p><span style=\"font-weight: 400;\">V\u1edbi \u0111\u1ea7y \u0111\u1ee7 th\u00f4ng tin li\u00ean quan \u0111\u1ebfn<\/span><b> \u0111\u00e1 g\u00e0 Luck8<\/b><span style=\"font-weight: 400;\">, nh\u00e0 c\u00e1i hy v\u1ecdng h\u1ed9i vi\u00ean s\u1ebd hi\u1ec3u h\u01a1n v\u1ec1 b\u1ed9 m\u00f4n si\u00eau h\u1ea5p d\u1eabn n\u00e0y. H\u00e3y t\u00ecm hi\u1ec3u, nghi\u00ean c\u1ee9u k\u1ef9 c\u00e0ng lo\u1ea1i h\u00ecnh m\u00e0 m\u00ecnh \u0111\u1ecbnh tham gia \u0111\u1ec3 n\u00e2ng cao t\u1ef7 l\u1ec7 chi\u1ebfn th\u1eafng m\u1ed9t c\u00e1ch d\u1ec5 d\u00e0ng. Ch\u00fac ng\u01b0\u1eddi d\u00f9ng s\u1ebd lu\u00f4n g\u1eb7p may m\u1eafn v\u00e0 nh\u1eadn v\u1ec1 cho m\u00ecnh nh\u1eefng ph\u1ea7n th\u01b0\u1edfng si\u00eau h\u1ea5p d\u1eabn \u0111\u1ebfn t\u1eeb ch\u00ednh th\u01b0\u01a1ng hi\u1ec7u Luck8 nh\u00e9.<\/span><\/p>\n","protected":false},"excerpt":{"rendered":"<p>\u0110\u00e1 G\u00e0 Luck8 &#8211; C\u00e1ch Tham Gia Tr\u1ea3i Nghi\u1ec7m Nh\u1eadn Th\u01b0\u1edfng L\u1edbn \u0110\u00e1 g\u00e0 Luck8 lu\u00f4n l\u00e0 \u0111i\u1ec3m \u0111\u1ebfn c\u00f3 doanh thu thu\u1ed9c h\u00e0ng top c\u1ee7a n\u1ec1n t\u1ea3ng ch\u00fang t\u00f4i. V\u1edbi nh\u1eefng tr\u1eadn \u0111\u1ea5u si\u00eau h\u1ea5p d\u1eabn, c\u00e1c chi\u1ebfn k\u00ea tung ra nh\u1eefng c\u00fa \u0111\u00e1 h\u1ea1 g\u1ee5c \u0111\u1ed1i th\u1ee7 ngay l\u1eadp t\u1ee9c. C\u00f9ng nh\u00e0 c\u00e1i [&#8230;]\n","protected":false},"author":1,"featured_media":85,"parent":0,"menu_order":0,"comment_status":"closed","ping_status":"closed","template":"","meta":{"footnotes":""},"class_list":["post-82","page","type-page","status-publish","has-post-thumbnail","hentry"],"rankMath":{"parentDomain":"at-the-edge.uk.com","noFollowDomains":[],"noFollowExcludeDomains":[],"noFollowExternalLinks":false,"featuredImageNotice":"H\u00ecnh \u1ea3nh n\u1ed5i b\u1eadt n\u00ean c\u00f3 k\u00edch th\u01b0\u1edbc \u00edt nh\u1ea5t 200 x 200 pixel \u0111\u1ec3 \u0111\u01b0\u1ee3c Facebook v\u00e0 c\u00e1c trang m\u1ea1ng x\u00e3 h\u1ed9i kh\u00e1c ch\u1ecdn.","pluginReviewed":false,"postSettings":{"linkSuggestions":true,"useFocusKeyword":false},"frontEndScore":false,"postName":"da-ga-luck8","permalinkFormat":"https:\/\/at-the-edge.uk.com\/index.php\/%pagename%\/","showLockModifiedDate":true,"assessor":{"focusKeywordLink":"https:\/\/at-the-edge.uk.com\/wp-admin\/edit.php?focus_keyword=%focus_keyword%&post_type=%post_type%","hasTOCPlugin":false,"primaryTaxonomy":false,"serpData":{"title":"\u0110\u00e1 G\u00e0 Luck8 - C\u00e1ch Tham Gia Tr\u1ea3i Nghi\u1ec7m Nh\u1eadn Th\u01b0\u1edfng L\u1edbn","description":"\u0110\u00e1 g\u00e0 Luck8 l\u00e0 s\u00e2n ch\u01a1i h\u1ea5p d\u1eabn v\u1edbi nhi\u1ec1u di\u1ec5n bi\u1ebfn th\u00fa v\u1ecb v\u00e0 h\u1ea5p d\u1eabn. \u0110\u00e2y l\u00e0 \u0111i\u1ec3m \u0111\u01b0\u1ee3c \u0111\u01b0\u1ee3c \u0111\u00f4ng \u0111\u1ea3o h\u1ed9i vi\u00ean ch\u00fa \u00fd l\u00e0 truy c\u1eadp gi\u1ea3i tr\u00ed th\u01b0\u1eddng xuy\u00ean.","focusKeywords":"\u0110\u00e1 G\u00e0 Luck8","pillarContent":false,"canonicalUrl":"","breadcrumbTitle":"","advancedRobots":[],"facebookTitle":"","facebookDescription":"","facebookImage":"","facebookImageID":"","facebookHasOverlay":false,"facebookImageOverlay":"","facebookAuthor":"","twitterCardType":"","twitterUseFacebook":true,"twitterTitle":"","twitterDescription":"","twitterImage":"","twitterImageID":"","twitterHasOverlay":false,"twitterImageOverlay":"","twitterPlayerUrl":"","twitterPlayerSize":"","twitterPlayerStream":"","twitterPlayerStreamCtype":"","twitterAppDescription":"","twitterAppIphoneName":"","twitterAppIphoneID":"","twitterAppIphoneUrl":"","twitterAppIpadName":"","twitterAppIpadID":"","twitterAppIpadUrl":"","twitterAppGoogleplayName":"","twitterAppGoogleplayID":"","twitterAppGoogleplayUrl":"","twitterAppCountry":"","robots":{"index":true},"twitterAuthor":"t\u00ean ng\u01b0\u1eddi d\u00f9ng","primaryTerm":0,"authorName":"admin","titleTemplate":"%title% %sep% %sitename%","descriptionTemplate":"%excerpt%","showScoreFrontend":true,"lockModifiedDate":false},"powerWords":[],"diacritics":{"A":"[\\u0041\\u24B6\\uFF21\\u00C0\\u00C1\\u00C2\\u1EA6\\u1EA4\\u1EAA\\u1EA8\\u00C3\\u0100\\u0102\\u1EB0\\u1EAE\\u1EB4\\u1EB2\\u0226\\u01E0\\u00C4\\u01DE\\u1EA2\\u00C5\\u01FA\\u01CD\\u0200\\u0202\\u1EA0\\u1EAC\\u1EB6\\u1E00\\u0104\\u023A\\u2C6F]","AA":"[\\uA732]","AE":"[\\u00C6\\u01FC\\u01E2]","AO":"[\\uA734]","AU":"[\\uA736]","AV":"[\\uA738\\uA73A]","AY":"[\\uA73C]","B":"[\\u0042\\u24B7\\uFF22\\u1E02\\u1E04\\u1E06\\u0243\\u0182\\u0181]","C":"[\\u0043\\u24B8\\uFF23\\u0106\\u0108\\u010A\\u010C\\u00C7\\u1E08\\u0187\\u023B\\uA73E]","D":"[\\u0044\\u24B9\\uFF24\\u1E0A\\u010E\\u1E0C\\u1E10\\u1E12\\u1E0E\\u0110\\u018B\\u018A\\u0189\\uA779]","DZ":"[\\u01F1\\u01C4]","Dz":"[\\u01F2\\u01C5]","E":"[\\u0045\\u24BA\\uFF25\\u00C8\\u00C9\\u00CA\\u1EC0\\u1EBE\\u1EC4\\u1EC2\\u1EBC\\u0112\\u1E14\\u1E16\\u0114\\u0116\\u00CB\\u1EBA\\u011A\\u0204\\u0206\\u1EB8\\u1EC6\\u0228\\u1E1C\\u0118\\u1E18\\u1E1A\\u0190\\u018E]","F":"[\\u0046\\u24BB\\uFF26\\u1E1E\\u0191\\uA77B]","G":"[\\u0047\\u24BC\\uFF27\\u01F4\\u011C\\u1E20\\u011E\\u0120\\u01E6\\u0122\\u01E4\\u0193\\uA7A0\\uA77D\\uA77E]","H":"[\\u0048\\u24BD\\uFF28\\u0124\\u1E22\\u1E26\\u021E\\u1E24\\u1E28\\u1E2A\\u0126\\u2C67\\u2C75\\uA78D]","I":"[\\u0049\\u24BE\\uFF29\\u00CC\\u00CD\\u00CE\\u0128\\u012A\\u012C\\u0130\\u00CF\\u1E2E\\u1EC8\\u01CF\\u0208\\u020A\\u1ECA\\u012E\\u1E2C\\u0197]","J":"[\\u004A\\u24BF\\uFF2A\\u0134\\u0248]","K":"[\\u004B\\u24C0\\uFF2B\\u1E30\\u01E8\\u1E32\\u0136\\u1E34\\u0198\\u2C69\\uA740\\uA742\\uA744\\uA7A2]","L":"[\\u004C\\u24C1\\uFF2C\\u013F\\u0139\\u013D\\u1E36\\u1E38\\u013B\\u1E3C\\u1E3A\\u0141\\u023D\\u2C62\\u2C60\\uA748\\uA746\\uA780]","LJ":"[\\u01C7]","Lj":"[\\u01C8]","M":"[\\u004D\\u24C2\\uFF2D\\u1E3E\\u1E40\\u1E42\\u2C6E\\u019C]","N":"[\\u004E\\u24C3\\uFF2E\\u01F8\\u0143\\u00D1\\u1E44\\u0147\\u1E46\\u0145\\u1E4A\\u1E48\\u0220\\u019D\\uA790\\uA7A4]","NJ":"[\\u01CA]","Nj":"[\\u01CB]","O":"[\\u004F\\u24C4\\uFF2F\\u00D2\\u00D3\\u00D4\\u1ED2\\u1ED0\\u1ED6\\u1ED4\\u00D5\\u1E4C\\u022C\\u1E4E\\u014C\\u1E50\\u1E52\\u014E\\u022E\\u0230\\u00D6\\u022A\\u1ECE\\u0150\\u01D1\\u020C\\u020E\\u01A0\\u1EDC\\u1EDA\\u1EE0\\u1EDE\\u1EE2\\u1ECC\\u1ED8\\u01EA\\u01EC\\u00D8\\u01FE\\u0186\\u019F\\uA74A\\uA74C]","OI":"[\\u01A2]","OO":"[\\uA74E]","OU":"[\\u0222]","P":"[\\u0050\\u24C5\\uFF30\\u1E54\\u1E56\\u01A4\\u2C63\\uA750\\uA752\\uA754]","Q":"[\\u0051\\u24C6\\uFF31\\uA756\\uA758\\u024A]","R":"[\\u0052\\u24C7\\uFF32\\u0154\\u1E58\\u0158\\u0210\\u0212\\u1E5A\\u1E5C\\u0156\\u1E5E\\u024C\\u2C64\\uA75A\\uA7A6\\uA782]","S":"[\\u0053\\u24C8\\uFF33\\u1E9E\\u015A\\u1E64\\u015C\\u1E60\\u0160\\u1E66\\u1E62\\u1E68\\u0218\\u015E\\u2C7E\\uA7A8\\uA784]","T":"[\\u0054\\u24C9\\uFF34\\u1E6A\\u0164\\u1E6C\\u021A\\u0162\\u1E70\\u1E6E\\u0166\\u01AC\\u01AE\\u023E\\uA786]","TZ":"[\\uA728]","U":"[\\u0055\\u24CA\\uFF35\\u00D9\\u00DA\\u00DB\\u0168\\u1E78\\u016A\\u1E7A\\u016C\\u00DC\\u01DB\\u01D7\\u01D5\\u01D9\\u1EE6\\u016E\\u0170\\u01D3\\u0214\\u0216\\u01AF\\u1EEA\\u1EE8\\u1EEE\\u1EEC\\u1EF0\\u1EE4\\u1E72\\u0172\\u1E76\\u1E74\\u0244]","V":"[\\u0056\\u24CB\\uFF36\\u1E7C\\u1E7E\\u01B2\\uA75E\\u0245]","VY":"[\\uA760]","W":"[\\u0057\\u24CC\\uFF37\\u1E80\\u1E82\\u0174\\u1E86\\u1E84\\u1E88\\u2C72]","X":"[\\u0058\\u24CD\\uFF38\\u1E8A\\u1E8C]","Y":"[\\u0059\\u24CE\\uFF39\\u1EF2\\u00DD\\u0176\\u1EF8\\u0232\\u1E8E\\u0178\\u1EF6\\u1EF4\\u01B3\\u024E\\u1EFE]","Z":"[\\u005A\\u24CF\\uFF3A\\u0179\\u1E90\\u017B\\u017D\\u1E92\\u1E94\\u01B5\\u0224\\u2C7F\\u2C6B\\uA762]","a":"[\\u0061\\u24D0\\uFF41\\u1E9A\\u00E0\\u00E1\\u00E2\\u1EA7\\u1EA5\\u1EAB\\u1EA9\\u00E3\\u0101\\u0103\\u1EB1\\u1EAF\\u1EB5\\u1EB3\\u0227\\u01E1\\u00E4\\u01DF\\u1EA3\\u00E5\\u01FB\\u01CE\\u0201\\u0203\\u1EA1\\u1EAD\\u1EB7\\u1E01\\u0105\\u2C65\\u0250]","aa":"[\\uA733]","ae":"[\\u00E6\\u01FD\\u01E3]","ao":"[\\uA735]","au":"[\\uA737]","av":"[\\uA739\\uA73B]","ay":"[\\uA73D]","b":"[\\u0062\\u24D1\\uFF42\\u1E03\\u1E05\\u1E07\\u0180\\u0183\\u0253]","c":"[\\u0063\\u24D2\\uFF43\\u0107\\u0109\\u010B\\u010D\\u00E7\\u1E09\\u0188\\u023C\\uA73F\\u2184]","d":"[\\u0064\\u24D3\\uFF44\\u1E0B\\u010F\\u1E0D\\u1E11\\u1E13\\u1E0F\\u0111\\u018C\\u0256\\u0257\\uA77A]","dz":"[\\u01F3\\u01C6]","e":"[\\u0065\\u24D4\\uFF45\\u00E8\\u00E9\\u00EA\\u1EC1\\u1EBF\\u1EC5\\u1EC3\\u1EBD\\u0113\\u1E15\\u1E17\\u0115\\u0117\\u00EB\\u1EBB\\u011B\\u0205\\u0207\\u1EB9\\u1EC7\\u0229\\u1E1D\\u0119\\u1E19\\u1E1B\\u0247\\u025B\\u01DD]","f":"[\\u0066\\u24D5\\uFF46\\u1E1F\\u0192\\uA77C]","g":"[\\u0067\\u24D6\\uFF47\\u01F5\\u011D\\u1E21\\u011F\\u0121\\u01E7\\u0123\\u01E5\\u0260\\uA7A1\\u1D79\\uA77F]","h":"[\\u0068\\u24D7\\uFF48\\u0125\\u1E23\\u1E27\\u021F\\u1E25\\u1E29\\u1E2B\\u1E96\\u0127\\u2C68\\u2C76\\u0265]","hv":"[\\u0195]","i":"[\\u0069\\u24D8\\uFF49\\u00EC\\u00ED\\u00EE\\u0129\\u012B\\u012D\\u00EF\\u1E2F\\u1EC9\\u01D0\\u0209\\u020B\\u1ECB\\u012F\\u1E2D\\u0268\\u0131]","j":"[\\u006A\\u24D9\\uFF4A\\u0135\\u01F0\\u0249]","k":"[\\u006B\\u24DA\\uFF4B\\u1E31\\u01E9\\u1E33\\u0137\\u1E35\\u0199\\u2C6A\\uA741\\uA743\\uA745\\uA7A3]","l":"[\\u006C\\u24DB\\uFF4C\\u0140\\u013A\\u013E\\u1E37\\u1E39\\u013C\\u1E3D\\u1E3B\\u017F\\u0142\\u019A\\u026B\\u2C61\\uA749\\uA781\\uA747]","lj":"[\\u01C9]","m":"[\\u006D\\u24DC\\uFF4D\\u1E3F\\u1E41\\u1E43\\u0271\\u026F]","n":"[\\u006E\\u24DD\\uFF4E\\u01F9\\u0144\\u00F1\\u1E45\\u0148\\u1E47\\u0146\\u1E4B\\u1E49\\u019E\\u0272\\u0149\\uA791\\uA7A5]","nj":"[\\u01CC]","o":"[\\u006F\\u24DE\\uFF4F\\u00F2\\u00F3\\u00F4\\u1ED3\\u1ED1\\u1ED7\\u1ED5\\u00F5\\u1E4D\\u022D\\u1E4F\\u014D\\u1E51\\u1E53\\u014F\\u022F\\u0231\\u00F6\\u022B\\u1ECF\\u0151\\u01D2\\u020D\\u020F\\u01A1\\u1EDD\\u1EDB\\u1EE1\\u1EDF\\u1EE3\\u1ECD\\u1ED9\\u01EB\\u01ED\\u00F8\\u01FF\\u0254\\uA74B\\uA74D\\u0275]","oi":"[\\u01A3]","ou":"[\\u0223]","oo":"[\\uA74F]","p":"[\\u0070\\u24DF\\uFF50\\u1E55\\u1E57\\u01A5\\u1D7D\\uA751\\uA753\\uA755]","q":"[\\u0071\\u24E0\\uFF51\\u024B\\uA757\\uA759]","r":"[\\u0072\\u24E1\\uFF52\\u0155\\u1E59\\u0159\\u0211\\u0213\\u1E5B\\u1E5D\\u0157\\u1E5F\\u024D\\u027D\\uA75B\\uA7A7\\uA783]","s":"[\\u0073\\u24E2\\uFF53\\u015B\\u1E65\\u015D\\u1E61\\u0161\\u1E67\\u1E63\\u1E69\\u0219\\u015F\\u023F\\uA7A9\\uA785\\u1E9B]","ss":"[\\u00DF]","t":"[\\u0074\\u24E3\\uFF54\\u1E6B\\u1E97\\u0165\\u1E6D\\u021B\\u0163\\u1E71\\u1E6F\\u0167\\u01AD\\u0288\\u2C66\\uA787]","tz":"[\\uA729]","u":"[\\u0075\\u24E4\\uFF55\\u00F9\\u00FA\\u00FB\\u0169\\u1E79\\u016B\\u1E7B\\u016D\\u00FC\\u01DC\\u01D8\\u01D6\\u01DA\\u1EE7\\u016F\\u0171\\u01D4\\u0215\\u0217\\u01B0\\u1EEB\\u1EE9\\u1EEF\\u1EED\\u1EF1\\u1EE5\\u1E73\\u0173\\u1E77\\u1E75\\u0289]","v":"[\\u0076\\u24E5\\uFF56\\u1E7D\\u1E7F\\u028B\\uA75F\\u028C]","vy":"[\\uA761]","w":"[\\u0077\\u24E6\\uFF57\\u1E81\\u1E83\\u0175\\u1E87\\u1E85\\u1E98\\u1E89\\u2C73]","x":"[\\u0078\\u24E7\\uFF58\\u1E8B\\u1E8D]","y":"[\\u0079\\u24E8\\uFF59\\u1EF3\\u00FD\\u0177\\u1EF9\\u0233\\u1E8F\\u00FF\\u1EF7\\u1E99\\u1EF5\\u01B4\\u024F\\u1EFF]","z":"[\\u007A\\u24E9\\uFF5A\\u017A\\u1E91\\u017C\\u017E\\u1E93\\u1E95\\u01B6\\u0225\\u0240\\u2C6C\\uA763]"},"researchesTests":["contentHasTOC","contentHasShortParagraphs","contentHasAssets","keywordInTitle","keywordInMetaDescription","keywordInPermalink","keywordIn10Percent","keywordInContent","keywordInSubheadings","keywordInImageAlt","keywordDensity","keywordNotUsed","lengthContent","lengthPermalink","linksHasInternal","linksHasExternals","linksNotAllExternals","titleStartWithKeyword","titleSentiment","titleHasPowerWords","titleHasNumber","hasContentAI"],"hasRedirection":false,"hasBreadcrumb":false},"homeUrl":"https:\/\/at-the-edge.uk.com","objectID":82,"objectType":"post","locale":"vi","localeFull":"vi","overlayImages":{"play":{"name":"Bi\u1ec3u t\u01b0\u1ee3ng ph\u00e1t","url":"https:\/\/at-the-edge.uk.com\/wp-content\/plugins\/seo-by-rank-math\/assets\/admin\/img\/icon-play.png","path":"\/www\/wwwroot\/at-the-edge.uk.com\/wp-content\/plugins\/seo-by-rank-math\/assets\/admin\/img\/icon-play.png","position":"middle_center"},"gif":{"name":"Bi\u1ec3u t\u01b0\u1ee3ng GIF","url":"https:\/\/at-the-edge.uk.com\/wp-content\/plugins\/seo-by-rank-math\/assets\/admin\/img\/icon-gif.png","path":"\/www\/wwwroot\/at-the-edge.uk.com\/wp-content\/plugins\/seo-by-rank-math\/assets\/admin\/img\/icon-gif.png","position":"middle_center"}},"defautOgImage":"https:\/\/at-the-edge.uk.com\/wp-content\/plugins\/seo-by-rank-math\/assets\/admin\/img\/social-placeholder.jpg","customPermalinks":true,"isUserRegistered":false,"autoSuggestKeywords":false,"connectSiteUrl":"https:\/\/rankmath.com\/auth?site=https%3A%2F%2Fat-the-edge.uk.com&r=https%3A%2F%2Fat-the-edge.uk.com%2Findex.php%2Fwp-json%2Fwp%2Fv2%2Fpages%2F82%3Fnonce%3Df1d594c673&pro=1","maxTags":100,"trendsIcon":"<svg width=\"100%\" height=\"100%\" viewBox=\"0 0 36 36\" version=\"1.1\" xmlns=\"http:\/\/www.w3.org\/2000\/svg\" xmlns:xlink=\"http:\/\/www.w3.org\/1999\/xlink\" fit=\"\" preserveAspectRatio=\"xMidYMid meet\" focusable=\"false\">\n\t\t<g id=\"Page-1\" stroke=\"none\" stroke-width=\"1\" fill=\"none\" fill-rule=\"evenodd\">\n\t\t\t<g id=\"Trends-Arrow\">\n\t\t\t\t<g id=\"TrendsArrow\">\n\t\t\t\t\t<path d=\"M1.11227159,26.3181534 L10.2875029,17.1429221 L13.7152617,20.5706809 L4.5400304,29.7459122 C4.20518633,30.0807563 3.66229681,30.0807562 3.32745277,29.7459122 L1.11136262,27.529822 C0.776518575,27.194978 0.776518548,26.6520885 1.11136262,26.3172444 L1.11227159,26.3181534 Z\" id=\"Shape\" fill=\"#4285F4\" fill-rule=\"nonzero\"><\/path>\n\t\t\t\t\t<path d=\"M14.3201543,14.3211528 L22.283717,22.2847155 L19.4658829,25.1025495 C19.1310388,25.4373936 18.5881494,25.4373937 18.2533053,25.1025495 L10.2906516,17.1398959 L13.1084857,14.3220618 C13.4429747,13.987572 13.9851638,13.9871653 14.3201543,14.3211528 Z\" id=\"Shape\" fill=\"#EA4335\" fill-rule=\"nonzero\"><\/path>\n\t\t\t\t\t<polygon id=\"Rectangle-path\" fill=\"#FABB05\" fill-rule=\"nonzero\" points=\"18.8573051 18.8577571 28.2843236 9.43073862 31.7120824 12.8584974 22.2850639 22.2855159\"><\/polygon>\n\t\t\t\t\t<path d=\"M35.0711567,15.5054713 L35.0711567,7 L35.0711567,7 C35.0711567,6.44771525 34.6234415,6 34.0711567,6 L25.5656854,6 L25.5656854,6 C25.0134007,6 24.5656854,6.44771525 24.5656854,7 C24.5656854,7.26521649 24.6710423,7.5195704 24.8585786,7.70710678 L33.3640499,16.2125781 L33.3640499,16.2125781 C33.7545742,16.6031024 34.3877392,16.6031024 34.7782635,16.2125781 C34.9657999,16.0250417 35.0711567,15.7706878 35.0711567,15.5054713 Z\" id=\"Shape\" fill=\"#34A853\" fill-rule=\"nonzero\"><\/path>\n\t\t\t\t\t<rect id=\"Rectangle-path\" x=\"0\" y=\"0\" width=\"36\" height=\"36\"><\/rect>\n\t\t\t\t<\/g>\n\t\t\t<\/g>\n\t\t<\/g>\n\t<\/svg>","showScore":true,"siteFavIcon":"https:\/\/at-the-edge.uk.com\/wp-content\/uploads\/2025\/08\/favicon-luck8-150x150.jpg","canUser":{"general":false,"advanced":false,"snippet":false,"social":false,"analysis":false,"analytics":false,"content_ai":false},"showKeywordIntent":true,"isPro":true,"is_front_page":false,"trendsUpgradeLink":"https:\/\/at-the-edge.uk.com\/wp-admin\/admin.php?page=rank-math&view=help","trendsUpgradeLabel":"Activate now","trendsPreviewImage":"https:\/\/at-the-edge.uk.com\/wp-content\/plugins\/seo-by-rank-math\/assets\/admin\/img\/trends-preview.jpg","currentEditor":false,"homepageData":{"assessor":{"powerWords":[],"diacritics":true,"researchesTests":["contentHasTOC","contentHasShortParagraphs","contentHasAssets","keywordInTitle","keywordInMetaDescription","keywordInPermalink","keywordIn10Percent","keywordInContent","keywordInSubheadings","keywordInImageAlt","keywordDensity","keywordNotUsed","lengthContent","lengthPermalink","linksHasInternal","linksHasExternals","linksNotAllExternals","titleStartWithKeyword","titleSentiment","titleHasPowerWords","titleHasNumber","hasContentAI"],"hasBreadcrumb":false,"serpData":{"title":"%sitename% %page% %sep% %sitedesc%","description":"","titleTemplate":"%sitename% %page% %sep% %sitedesc%","descriptionTemplate":"","focusKeywords":"","breadcrumbTitle":"Home","robots":{"index":true},"advancedRobots":[],"facebookTitle":"","facebookDescription":"","facebookImage":"","facebookImageID":""}}},"tocTitle":"Table of Contents","tocExcludeHeadings":[],"listStyle":"ul"},"_links":{"self":[{"href":"https:\/\/at-the-edge.uk.com\/index.php\/wp-json\/wp\/v2\/pages\/82","targetHints":{"allow":["GET"]}}],"collection":[{"href":"https:\/\/at-the-edge.uk.com\/index.php\/wp-json\/wp\/v2\/pages"}],"about":[{"href":"https:\/\/at-the-edge.uk.com\/index.php\/wp-json\/wp\/v2\/types\/page"}],"author":[{"embeddable":true,"href":"https:\/\/at-the-edge.uk.com\/index.php\/wp-json\/wp\/v2\/users\/1"}],"replies":[{"embeddable":true,"href":"https:\/\/at-the-edge.uk.com\/index.php\/wp-json\/wp\/v2\/comments?post=82"}],"version-history":[{"count":3,"href":"https:\/\/at-the-edge.uk.com\/index.php\/wp-json\/wp\/v2\/pages\/82\/revisions"}],"predecessor-version":[{"id":90,"href":"https:\/\/at-the-edge.uk.com\/index.php\/wp-json\/wp\/v2\/pages\/82\/revisions\/90"}],"wp:featuredmedia":[{"embeddable":true,"href":"https:\/\/at-the-edge.uk.com\/index.php\/wp-json\/wp\/v2\/media\/85"}],"wp:attachment":[{"href":"https:\/\/at-the-edge.uk.com\/index.php\/wp-json\/wp\/v2\/media?parent=82"}],"curies":[{"name":"wp","href":"https:\/\/api.w.org\/{rel}","templated":true}]}}