{"id":92,"date":"2025-08-04T17:17:04","date_gmt":"2025-08-04T17:17:04","guid":{"rendered":"https:\/\/at-the-edge.uk.com\/?page_id=92"},"modified":"2025-08-04T17:17:04","modified_gmt":"2025-08-04T17:17:04","slug":"xo-so-luck8","status":"publish","type":"page","link":"https:\/\/at-the-edge.uk.com\/index.php\/xo-so-luck8\/","title":{"rendered":"X\u1ed5 S\u1ed1 Luck8 &#8211; L\u1ef1a Ch\u1ecdn Lo\u1ea1i H\u00ecnh Quay Th\u01b0\u1edfng Si\u00eau H\u1ea5p D\u1eabn"},"content":{"rendered":"<h1 style=\"text-align: center;\"><b>X\u1ed5 S\u1ed1 Luck8 &#8211; L\u1ef1a Ch\u1ecdn Lo\u1ea1i H\u00ecnh Quay Th\u01b0\u1edfng Si\u00eau H\u1ea5p D\u1eabn<\/b><\/h1>\n<p><a href=\"https:\/\/at-the-edge.uk.com\/index.php\/xo-so-luck8\/\"><b>X\u1ed5 s\u1ed1 Luck8<\/b><\/a><span style=\"font-weight: 400;\"> c\u00f3 nhi\u1ec1u lo\u1ea1i h\u00ecnh quay th\u01b0\u1edfng kh\u00e1c nhau nh\u01b0 XSKT 3 mi\u1ec1n, Mega, \u0110i\u1ec7n to\u00e1n,&#8230; T\u1ea5t c\u1ea3 \u0111\u1ec1u s\u1ebd c\u00f3 c\u01a1 ch\u1ebf ho\u1ea1t \u0111\u1ed9ng kh\u00e1c nhau, thay \u0111\u1ed5i th\u1eddi gian d\u1ef1 th\u01b0\u1edfng \u0111\u1ec3 ph\u00f9 h\u1ee3p h\u01a1n v\u1edbi nhu c\u1ea7u c\u1ee7a h\u1ed9i vi\u00ean. Ch\u00ednh \u0111i\u1ec1u n\u00e0y \u0111\u00e3 gi\u00fap <strong><a href=\"https:\/\/at-the-edge.uk.com\/\">Luck8<\/a> <\/strong>tr\u1edf th\u00e0nh m\u1ed9t trong nh\u1eefng c\u00e1i t\u00ean n\u1ed5i b\u1eadt tr\u00ean th\u1ecb tr\u01b0\u1eddng.<\/span><\/p>\n<h2><b>X\u1ed5 s\u1ed1 Luck8 v\u00e0 t\u1ed5ng quan th\u00f4ng tin<\/b><\/h2>\n<p><span style=\"font-weight: 400;\">Thay v\u00ec l\u1ef1a ch\u1ecdn c\u00e1c t\u1edd v\u00e9 d\u1ef1 th\u01b0\u1edfng t\u1ea1i c\u00e1c qu\u1ea7y \u0111\u1ea1i l\u00fd, c\u00f4ng ty, h\u1ed9i vi\u00ean c\u00f3 th\u1ec3 tr\u1ea3i nghi\u1ec7m ngay l\u1eadp t\u1ee9c t\u1ea1i Website c\u1ee7a n\u1ec1n t\u1ea3ng. Ch\u1ec9 v\u1edbi m\u1ed9t \u0111\u01b0\u1eddng truy\u1ec1n Internet \u1ed5n \u0111\u1ecbnh, b\u1ea1n \u0111\u00e3 c\u00f3 th\u1ec3 l\u1ef1a ch\u1ecdn \u0111\u01b0\u1ee3c nh\u1eefng con s\u1ed1 may m\u1eafn, ph\u00f9 h\u1ee3p nh\u1ea5t v\u1edbi b\u1ea3n th\u00e2n. Ch\u00ednh \u0111i\u1ec1u n\u00e0y \u0111\u00e3 \u0111em \u0111\u1ebfn nh\u1eefng tr\u1ea3i nghi\u1ec7m m\u1edbi l\u1ea1, th\u00fa v\u1ecb v\u00e0 \u00edt t\u1ed1n k\u00e9m th\u1eddi gian, chi ph\u00ed h\u01a1n.<\/span><\/p>\n<figure id=\"attachment_94\" aria-describedby=\"caption-attachment-94\" style=\"width: 800px\" class=\"wp-caption aligncenter\"><img loading=\"lazy\" decoding=\"async\" class=\"size-full wp-image-94\" src=\"https:\/\/at-the-edge.uk.com\/wp-content\/uploads\/2025\/08\/xo-so-luck8-va-thong-tin-tong-quan.jpg\" alt=\"X\u1ed5 s\u1ed1 Luck8 v\u00e0 th\u00f4ng tin t\u1ed5ng quan\" width=\"800\" height=\"400\" srcset=\"https:\/\/at-the-edge.uk.com\/wp-content\/uploads\/2025\/08\/xo-so-luck8-va-thong-tin-tong-quan.jpg 800w, https:\/\/at-the-edge.uk.com\/wp-content\/uploads\/2025\/08\/xo-so-luck8-va-thong-tin-tong-quan-300x150.jpg 300w, https:\/\/at-the-edge.uk.com\/wp-content\/uploads\/2025\/08\/xo-so-luck8-va-thong-tin-tong-quan-768x384.jpg 768w\" sizes=\"auto, (max-width: 800px) 100vw, 800px\" \/><figcaption id=\"caption-attachment-94\" class=\"wp-caption-text\">X\u1ed5 s\u1ed1 Luck8 v\u00e0 th\u00f4ng tin t\u1ed5ng quan<\/figcaption><\/figure>\n<p><span style=\"font-weight: 400;\">T\u1ea1i \u0111\u00e2y, ng\u01b0\u1eddi d\u00f9ng c\u00f3 th\u1ec3 quay th\u01b0\u1edfng nhanh ch\u00f3ng trong v\u00f2ng 30 gi\u00e2y \u0111\u1ebfn 5 ph\u00fat. T\u1ea1o ra nh\u1eefng tr\u1ea3i nghi\u1ec7m m\u1edbi l\u1ea1 v\u00e0 tr\u00e1nh b\u1ecf l\u1ee1 b\u1ea5t k\u1ef3 c\u01a1 h\u1ed9i tham gia d\u1ef1 th\u01b0\u1edfng n\u00e0o. Tuy nhi\u00ean, b\u1ea1n c\u0169ng c\u1ea7n ph\u1ea3i c\u00e2n nh\u1eafc v\u00ed ti\u1ec1n c\u1ee7a ch\u00ednh m\u00ecnh \u0111\u1ec3 \u0111\u01b0a ra quy\u1ebft \u0111\u1ecbnh ph\u00f9 h\u1ee3p, h\u1ea1n ch\u1ebf t\u00ecnh tr\u1ea1ng tr\u1eafng tay khi tr\u1ea3i nghi\u1ec7m nh\u00e9.<\/span><\/p>\n<h2><b>C\u00e1c lo\u1ea1i h\u00ecnh x\u1ed5 s\u1ed1 Luck8 \u0111\u01b0\u1ee3c y\u00eau th\u00edch<\/b><\/h2>\n<p><span style=\"font-weight: 400;\">\u0110\u1ec3 nh\u1eadn \u0111\u01b0\u1ee3c nh\u1eefng tr\u1ea3i nghi\u1ec7m t\u1ed1t nh\u1ea5t, ng\u01b0\u1eddi d\u00f9ng c\u00f3 th\u1ec3 l\u1ef1a ch\u1ecdn \u0111a d\u1ea1ng lo\u1ea1i h\u00ecnh kh\u00e1c nhau. \u0110i\u1ec3m danh m\u1ed9t s\u1ed1 c\u00e1i t\u00ean m\u00e0 b\u1ea1n n\u00ean truy c\u1eadp ngay l\u1eadp t\u1ee9c \u0111\u1ec3 nh\u1eadn v\u1ec1 l\u1ee3i nhu\u1eadn kh\u1ee7ng bao g\u1ed3m:<\/span><\/p>\n<h3><b>XSKT 3 mi\u1ec1n<\/b><\/h3>\n<p><span style=\"font-weight: 400;\">Lo\u1ea1i h\u00ecnh truy\u1ec1n th\u1ed1ng v\u1edbi th\u1eddi gian d\u1ef1 th\u01b0\u1edfng l\u00ean \u0111\u1ebfn m\u1ed9t ng\u00e0y, t\u1ed5 ch\u1ee9c xoay v\u00f2ng gi\u1eefa c\u00e1c t\u1ec9nh th\u00e0nh v\u1edbi nhau. Ch\u1ec9 c\u1ea7n mua m\u1ed9t t\u1edd v\u00e9 v\u1edbi 6 ch\u1eef s\u1ed1 \u0111\u01b0\u1ee3c in s\u1eb5n, ch\u1ec9 c\u1ea7n tr\u00f9ng \u00edt nh\u1ea5t 2 tr\u00ean 6 th\u00ec b\u1ea1n \u0111\u00e3 c\u00f3 th\u1ec3 nh\u1eadn v\u1ec1 ph\u1ea7n qu\u00e0 cu\u1ed1i c\u00f9ng. Hi\u1ec7n nay, m\u1ed7i khu v\u1ef1c \u0111\u1ec1u s\u1ebd c\u00f3 th\u1eddi gian quay th\u01b0\u1edfng kh\u00e1c nhau, d\u1ef1a tr\u00ean c\u00f4ng b\u1ed1 \u0111\u00e3 \u0111\u01b0\u1ee3c \u0111\u01b0a ra t\u1eeb tr\u01b0\u1edbc:<\/span><\/p>\n<figure id=\"attachment_93\" aria-describedby=\"caption-attachment-93\" style=\"width: 800px\" class=\"wp-caption aligncenter\"><img loading=\"lazy\" decoding=\"async\" class=\"size-full wp-image-93\" src=\"https:\/\/at-the-edge.uk.com\/wp-content\/uploads\/2025\/08\/cac-loai-hinh-xo-so-luck8.jpg\" alt=\"C\u00e1c lo\u1ea1i h\u00ecnh x\u1ed5 s\u1ed1 Luck8 \u0111\u01b0\u1ee3c y\u00eau th\u00edch\" width=\"800\" height=\"400\" srcset=\"https:\/\/at-the-edge.uk.com\/wp-content\/uploads\/2025\/08\/cac-loai-hinh-xo-so-luck8.jpg 800w, https:\/\/at-the-edge.uk.com\/wp-content\/uploads\/2025\/08\/cac-loai-hinh-xo-so-luck8-300x150.jpg 300w, https:\/\/at-the-edge.uk.com\/wp-content\/uploads\/2025\/08\/cac-loai-hinh-xo-so-luck8-768x384.jpg 768w\" sizes=\"auto, (max-width: 800px) 100vw, 800px\" \/><figcaption id=\"caption-attachment-93\" class=\"wp-caption-text\">C\u00e1c lo\u1ea1i h\u00ecnh x\u1ed5 s\u1ed1 Luck8 \u0111\u01b0\u1ee3c y\u00eau th\u00edch<\/figcaption><\/figure>\n<ul>\n<li style=\"font-weight: 400;\" aria-level=\"1\"><span style=\"font-weight: 400;\">B\u1eafc: Khung gi\u1edd t\u1eeb 18h5 \u0111\u1ebfn 18h40 m\u1ed7i ng\u00e0y.<\/span><\/li>\n<li style=\"font-weight: 400;\" aria-level=\"1\"><span style=\"font-weight: 400;\">Trung: T\u1eeb 17h15 \u0111\u1ebfn 17h40 h\u1eb1ng ng\u00e0y.<\/span><\/li>\n<li style=\"font-weight: 400;\" aria-level=\"1\"><span style=\"font-weight: 400;\">Nam: T\u1eeb 16h10 \u0111\u1ebfn 16h40 m\u1ed7i ng\u00e0y.<\/span><\/li>\n<\/ul>\n<h3><b>\u0110i\u1ec7n to\u00e1n<\/b><\/h3>\n<p><span style=\"font-weight: 400;\">V\u1edbi nhi\u1ec1u h\u00ecnh th\u1ee9c kh\u00e1c nhau nh\u01b0 123, 6X36, h\u1ed9i vi\u00ean c\u1ea7n ph\u1ea3i hi\u1ec3u r\u00f5 lu\u1eadt ch\u01a1i c\u1ee5 th\u1ec3 \u0111\u1ec3 tham gia m\u1ed9t c\u00e1ch th\u00f4ng minh. H\u1ea7u h\u1ebft th\u00ec ng\u01b0\u1eddi d\u00f9ng \u0111\u1ec1u s\u1ebd ph\u1ea3i l\u1ef1a ch\u1ecdn ra m\u1ed9t chu\u1ed7i l\u1ef1a ch\u1ecdn kh\u00e1c nhau v\u00e0 ch\u1edd \u0111\u1ee3i k\u1ebft qu\u1ea3 cu\u1ed1i c\u00f9ng. Ph\u1ea7n th\u01b0\u1edfng c\u00f3 gi\u00e1 tr\u1ecb si\u00eau kh\u1ee7ng v\u1edbi 400.000 l\u1ea7n s\u1ed1 ti\u1ec1n mua v\u00e9 t\u1ea1i 123 v\u00e0 1.220 l\u1ea7n cho lo\u1ea1i h\u00ecnh 6X36.<\/span><\/p>\n<h3><b>Keno<\/b><\/h3>\n<p><span style=\"font-weight: 400;\">M\u1ed9t lo\u1ea1i h\u00ecnh <\/span><b>x\u1ed5 s\u1ed1 Luck8<\/b><span style=\"font-weight: 400;\"> h\u1ea5p d\u1eabn m\u00e0 b\u1ea1n ph\u1ea3i l\u1ef1a ch\u1ecdn t\u1eeb 1 \u0111\u1ebfn 10 con s\u1ed1 kh\u00e1c nhau trong kho\u1ea3ng t\u1eeb 1 \u0111\u1ebfn 80. M\u1ed7i k\u1ef3 quay th\u01b0\u1edfng s\u1ebd c\u00f3 k\u1ebft qu\u1ea3 20 l\u1ef1a ch\u1ecdn kh\u00e1c nhau \u0111\u1ec3 h\u1ed9i vi\u00ean c\u00f3 th\u1ec3 \u0111\u1ed1i chi\u1ebfu tr\u1ef1c ti\u1ebfp. Ch\u00ednh \u0111i\u1ec1u n\u00e0y \u0111\u00e3 t\u1ea1o ra nh\u1eefng tr\u1ea3i nghi\u1ec7m m\u1edbi l\u1ea1, th\u00fa v\u1ecb v\u00e0 c\u1ef1c k\u1ef3 h\u1ea5p d\u1eabn \u0111\u1ed1i v\u1edbi c\u1ed9ng \u0111\u1ed3ng kh\u00e1ch h\u00e0ng tr\u1ea3i nghi\u1ec7m.<\/span><\/p>\n<p><span style=\"font-weight: 400;\">Hi\u1ec7n nay, c\u00f3 nhi\u1ec1u ng\u01b0\u1eddi d\u00f9ng mong mu\u1ed1n t\u00ecm ra c\u00e1ch ch\u01a1i ch\u00ednh x\u00e1c \u0111\u1ec3 n\u00e2ng cao kh\u1ea3 n\u0103ng tr\u00fang th\u01b0\u1edfng cu\u1ed1i c\u00f9ng. B\u1ea1n c\u00f3 th\u1ec3 tham kh\u1ea3o nh\u1eefng m\u1eb9o n\u00e0y t\u1ea1i c\u1ed9ng \u0111\u1ed3ng h\u1ed9i vi\u00ean, di\u1ec5n \u0111\u00e0n c\u00e1c ng\u01b0\u1eddi ch\u01a1i Keno \u0111\u1ec3 c\u1ea3i thi\u1ec7n k\u1ef9 n\u0103ng c\u1ee7a ch\u00ednh m\u00ecnh. H\u00e3y c\u00e2n nh\u1eafc tham gia v\u1edbi s\u1ed1 v\u1ed1n ph\u00f9 h\u1ee3p, gi\u1ea3m thi\u1ec3u r\u1ee7i ro c\u00f3 th\u1ec3 nh\u1eadn \u0111\u01b0\u1ee3c t\u1ea1i ch\u00ednh lo\u1ea1i h\u00ecnh n\u00e0y nh\u00e9.<\/span><\/p>\n<h2><b>K\u1ebft lu\u1eadn<\/b><\/h2>\n<p><span style=\"font-weight: 400;\">V\u1edbi \u0111\u1ea7y \u0111\u1ee7 th\u00f4ng tin li\u00ean quan \u0111\u1ebfn s\u00e2n ch\u01a1i <\/span><b>x\u1ed5 s\u1ed1 Luck8<\/b><span style=\"font-weight: 400;\">, nh\u00e0 c\u00e1i hy v\u1ecdng h\u1ed9i vi\u00ean s\u1ebd hi\u1ec3u h\u01a1n v\u1ec1 c\u00e1c lo\u1ea1i h\u00ecnh m\u00e0 m\u00ecnh tham gia. H\u00e3y nghi\u00ean c\u1ee9u k\u1ef9 c\u00e0ng \u0111\u1ec3 gi\u1ea3m thi\u1ec3u r\u1ee7i ro thua cu\u1ed9c c\u0169ng nh\u01b0 n\u00e2ng cao t\u1ef7 l\u1ec7 chi\u1ebfn th\u1eafng cu\u1ed1i c\u00f9ng. Ch\u00fac ng\u01b0\u1eddi d\u00f9ng s\u1ebd g\u1eb7p may m\u1eafn v\u00e0 t\u00ecm ra \u0111\u01b0\u1ee3c l\u1ef1a ch\u1ecdn c\u00f3 t\u1ef7 l\u1ec7 tr\u00fang th\u01b0\u1edfng cao nh\u1ea5t, nh\u1eadn v\u1ec1 ph\u1ea7n qu\u00e0 gi\u00e1 tr\u1ecb l\u1edbn t\u1ea1i n\u1ec1n t\u1ea3ng Luck8 nh\u00e9.<\/span><\/p>\n","protected":false},"excerpt":{"rendered":"<p>X\u1ed5 S\u1ed1 Luck8 &#8211; L\u1ef1a Ch\u1ecdn Lo\u1ea1i H\u00ecnh Quay Th\u01b0\u1edfng Si\u00eau H\u1ea5p D\u1eabn X\u1ed5 s\u1ed1 Luck8 c\u00f3 nhi\u1ec1u lo\u1ea1i h\u00ecnh quay th\u01b0\u1edfng kh\u00e1c nhau nh\u01b0 XSKT 3 mi\u1ec1n, Mega, \u0110i\u1ec7n to\u00e1n,&#8230; T\u1ea5t c\u1ea3 \u0111\u1ec1u s\u1ebd c\u00f3 c\u01a1 ch\u1ebf ho\u1ea1t \u0111\u1ed9ng kh\u00e1c nhau, thay \u0111\u1ed5i th\u1eddi gian d\u1ef1 th\u01b0\u1edfng \u0111\u1ec3 ph\u00f9 h\u1ee3p h\u01a1n v\u1edbi nhu c\u1ea7u [&#8230;]\n","protected":false},"author":1,"featured_media":95,"parent":0,"menu_order":0,"comment_status":"closed","ping_status":"closed","template":"","meta":{"footnotes":""},"class_list":["post-92","page","type-page","status-publish","has-post-thumbnail","hentry"],"rankMath":{"parentDomain":"at-the-edge.uk.com","noFollowDomains":[],"noFollowExcludeDomains":[],"noFollowExternalLinks":false,"featuredImageNotice":"H\u00ecnh \u1ea3nh n\u1ed5i b\u1eadt n\u00ean c\u00f3 k\u00edch th\u01b0\u1edbc \u00edt nh\u1ea5t 200 x 200 pixel \u0111\u1ec3 \u0111\u01b0\u1ee3c Facebook v\u00e0 c\u00e1c trang m\u1ea1ng x\u00e3 h\u1ed9i kh\u00e1c ch\u1ecdn.","pluginReviewed":false,"postSettings":{"linkSuggestions":true,"useFocusKeyword":false},"frontEndScore":false,"postName":"xo-so-luck8","permalinkFormat":"https:\/\/at-the-edge.uk.com\/index.php\/%pagename%\/","showLockModifiedDate":true,"assessor":{"focusKeywordLink":"https:\/\/at-the-edge.uk.com\/wp-admin\/edit.php?focus_keyword=%focus_keyword%&post_type=%post_type%","hasTOCPlugin":false,"primaryTaxonomy":false,"serpData":{"title":"X\u1ed5 S\u1ed1 Luck8 - L\u1ef1a Ch\u1ecdn Lo\u1ea1i H\u00ecnh Quay Th\u01b0\u1edfng Si\u00eau H\u1ea5p D\u1eabn","description":"X\u1ed5 s\u1ed1 Luck8 lu\u00f4n l\u00e0 l\u1ef1a ch\u1ecdn h\u1ea5p d\u1eabn c\u1ee7a \u0111\u00f4ng \u0111\u1ea3o ng\u01b0\u1eddi d\u00f9ng Vi\u1ec7t Nam. Ch\u1ec9 1 l\u1ea7n tr\u00fang gi\u1ea3i \u0111\u1eb7c bi\u1ec7t, b\u1ea1n s\u1ebd nh\u1eadn v\u1ec1 ph\u1ea7n th\u01b0\u1edfng h\u00e0ng t\u1ef7 \u0111\u1ed3ng ngay l\u1eadp t\u1ee9c.","focusKeywords":"X\u1ed5 S\u1ed1 Luck8","pillarContent":false,"canonicalUrl":"","breadcrumbTitle":"","advancedRobots":[],"facebookTitle":"","facebookDescription":"","facebookImage":"","facebookImageID":"","facebookHasOverlay":false,"facebookImageOverlay":"","facebookAuthor":"","twitterCardType":"","twitterUseFacebook":true,"twitterTitle":"","twitterDescription":"","twitterImage":"","twitterImageID":"","twitterHasOverlay":false,"twitterImageOverlay":"","twitterPlayerUrl":"","twitterPlayerSize":"","twitterPlayerStream":"","twitterPlayerStreamCtype":"","twitterAppDescription":"","twitterAppIphoneName":"","twitterAppIphoneID":"","twitterAppIphoneUrl":"","twitterAppIpadName":"","twitterAppIpadID":"","twitterAppIpadUrl":"","twitterAppGoogleplayName":"","twitterAppGoogleplayID":"","twitterAppGoogleplayUrl":"","twitterAppCountry":"","robots":{"index":true},"twitterAuthor":"t\u00ean ng\u01b0\u1eddi d\u00f9ng","primaryTerm":0,"authorName":"admin","titleTemplate":"%title% %sep% %sitename%","descriptionTemplate":"%excerpt%","showScoreFrontend":true,"lockModifiedDate":false},"powerWords":[],"diacritics":{"A":"[\\u0041\\u24B6\\uFF21\\u00C0\\u00C1\\u00C2\\u1EA6\\u1EA4\\u1EAA\\u1EA8\\u00C3\\u0100\\u0102\\u1EB0\\u1EAE\\u1EB4\\u1EB2\\u0226\\u01E0\\u00C4\\u01DE\\u1EA2\\u00C5\\u01FA\\u01CD\\u0200\\u0202\\u1EA0\\u1EAC\\u1EB6\\u1E00\\u0104\\u023A\\u2C6F]","AA":"[\\uA732]","AE":"[\\u00C6\\u01FC\\u01E2]","AO":"[\\uA734]","AU":"[\\uA736]","AV":"[\\uA738\\uA73A]","AY":"[\\uA73C]","B":"[\\u0042\\u24B7\\uFF22\\u1E02\\u1E04\\u1E06\\u0243\\u0182\\u0181]","C":"[\\u0043\\u24B8\\uFF23\\u0106\\u0108\\u010A\\u010C\\u00C7\\u1E08\\u0187\\u023B\\uA73E]","D":"[\\u0044\\u24B9\\uFF24\\u1E0A\\u010E\\u1E0C\\u1E10\\u1E12\\u1E0E\\u0110\\u018B\\u018A\\u0189\\uA779]","DZ":"[\\u01F1\\u01C4]","Dz":"[\\u01F2\\u01C5]","E":"[\\u0045\\u24BA\\uFF25\\u00C8\\u00C9\\u00CA\\u1EC0\\u1EBE\\u1EC4\\u1EC2\\u1EBC\\u0112\\u1E14\\u1E16\\u0114\\u0116\\u00CB\\u1EBA\\u011A\\u0204\\u0206\\u1EB8\\u1EC6\\u0228\\u1E1C\\u0118\\u1E18\\u1E1A\\u0190\\u018E]","F":"[\\u0046\\u24BB\\uFF26\\u1E1E\\u0191\\uA77B]","G":"[\\u0047\\u24BC\\uFF27\\u01F4\\u011C\\u1E20\\u011E\\u0120\\u01E6\\u0122\\u01E4\\u0193\\uA7A0\\uA77D\\uA77E]","H":"[\\u0048\\u24BD\\uFF28\\u0124\\u1E22\\u1E26\\u021E\\u1E24\\u1E28\\u1E2A\\u0126\\u2C67\\u2C75\\uA78D]","I":"[\\u0049\\u24BE\\uFF29\\u00CC\\u00CD\\u00CE\\u0128\\u012A\\u012C\\u0130\\u00CF\\u1E2E\\u1EC8\\u01CF\\u0208\\u020A\\u1ECA\\u012E\\u1E2C\\u0197]","J":"[\\u004A\\u24BF\\uFF2A\\u0134\\u0248]","K":"[\\u004B\\u24C0\\uFF2B\\u1E30\\u01E8\\u1E32\\u0136\\u1E34\\u0198\\u2C69\\uA740\\uA742\\uA744\\uA7A2]","L":"[\\u004C\\u24C1\\uFF2C\\u013F\\u0139\\u013D\\u1E36\\u1E38\\u013B\\u1E3C\\u1E3A\\u0141\\u023D\\u2C62\\u2C60\\uA748\\uA746\\uA780]","LJ":"[\\u01C7]","Lj":"[\\u01C8]","M":"[\\u004D\\u24C2\\uFF2D\\u1E3E\\u1E40\\u1E42\\u2C6E\\u019C]","N":"[\\u004E\\u24C3\\uFF2E\\u01F8\\u0143\\u00D1\\u1E44\\u0147\\u1E46\\u0145\\u1E4A\\u1E48\\u0220\\u019D\\uA790\\uA7A4]","NJ":"[\\u01CA]","Nj":"[\\u01CB]","O":"[\\u004F\\u24C4\\uFF2F\\u00D2\\u00D3\\u00D4\\u1ED2\\u1ED0\\u1ED6\\u1ED4\\u00D5\\u1E4C\\u022C\\u1E4E\\u014C\\u1E50\\u1E52\\u014E\\u022E\\u0230\\u00D6\\u022A\\u1ECE\\u0150\\u01D1\\u020C\\u020E\\u01A0\\u1EDC\\u1EDA\\u1EE0\\u1EDE\\u1EE2\\u1ECC\\u1ED8\\u01EA\\u01EC\\u00D8\\u01FE\\u0186\\u019F\\uA74A\\uA74C]","OI":"[\\u01A2]","OO":"[\\uA74E]","OU":"[\\u0222]","P":"[\\u0050\\u24C5\\uFF30\\u1E54\\u1E56\\u01A4\\u2C63\\uA750\\uA752\\uA754]","Q":"[\\u0051\\u24C6\\uFF31\\uA756\\uA758\\u024A]","R":"[\\u0052\\u24C7\\uFF32\\u0154\\u1E58\\u0158\\u0210\\u0212\\u1E5A\\u1E5C\\u0156\\u1E5E\\u024C\\u2C64\\uA75A\\uA7A6\\uA782]","S":"[\\u0053\\u24C8\\uFF33\\u1E9E\\u015A\\u1E64\\u015C\\u1E60\\u0160\\u1E66\\u1E62\\u1E68\\u0218\\u015E\\u2C7E\\uA7A8\\uA784]","T":"[\\u0054\\u24C9\\uFF34\\u1E6A\\u0164\\u1E6C\\u021A\\u0162\\u1E70\\u1E6E\\u0166\\u01AC\\u01AE\\u023E\\uA786]","TZ":"[\\uA728]","U":"[\\u0055\\u24CA\\uFF35\\u00D9\\u00DA\\u00DB\\u0168\\u1E78\\u016A\\u1E7A\\u016C\\u00DC\\u01DB\\u01D7\\u01D5\\u01D9\\u1EE6\\u016E\\u0170\\u01D3\\u0214\\u0216\\u01AF\\u1EEA\\u1EE8\\u1EEE\\u1EEC\\u1EF0\\u1EE4\\u1E72\\u0172\\u1E76\\u1E74\\u0244]","V":"[\\u0056\\u24CB\\uFF36\\u1E7C\\u1E7E\\u01B2\\uA75E\\u0245]","VY":"[\\uA760]","W":"[\\u0057\\u24CC\\uFF37\\u1E80\\u1E82\\u0174\\u1E86\\u1E84\\u1E88\\u2C72]","X":"[\\u0058\\u24CD\\uFF38\\u1E8A\\u1E8C]","Y":"[\\u0059\\u24CE\\uFF39\\u1EF2\\u00DD\\u0176\\u1EF8\\u0232\\u1E8E\\u0178\\u1EF6\\u1EF4\\u01B3\\u024E\\u1EFE]","Z":"[\\u005A\\u24CF\\uFF3A\\u0179\\u1E90\\u017B\\u017D\\u1E92\\u1E94\\u01B5\\u0224\\u2C7F\\u2C6B\\uA762]","a":"[\\u0061\\u24D0\\uFF41\\u1E9A\\u00E0\\u00E1\\u00E2\\u1EA7\\u1EA5\\u1EAB\\u1EA9\\u00E3\\u0101\\u0103\\u1EB1\\u1EAF\\u1EB5\\u1EB3\\u0227\\u01E1\\u00E4\\u01DF\\u1EA3\\u00E5\\u01FB\\u01CE\\u0201\\u0203\\u1EA1\\u1EAD\\u1EB7\\u1E01\\u0105\\u2C65\\u0250]","aa":"[\\uA733]","ae":"[\\u00E6\\u01FD\\u01E3]","ao":"[\\uA735]","au":"[\\uA737]","av":"[\\uA739\\uA73B]","ay":"[\\uA73D]","b":"[\\u0062\\u24D1\\uFF42\\u1E03\\u1E05\\u1E07\\u0180\\u0183\\u0253]","c":"[\\u0063\\u24D2\\uFF43\\u0107\\u0109\\u010B\\u010D\\u00E7\\u1E09\\u0188\\u023C\\uA73F\\u2184]","d":"[\\u0064\\u24D3\\uFF44\\u1E0B\\u010F\\u1E0D\\u1E11\\u1E13\\u1E0F\\u0111\\u018C\\u0256\\u0257\\uA77A]","dz":"[\\u01F3\\u01C6]","e":"[\\u0065\\u24D4\\uFF45\\u00E8\\u00E9\\u00EA\\u1EC1\\u1EBF\\u1EC5\\u1EC3\\u1EBD\\u0113\\u1E15\\u1E17\\u0115\\u0117\\u00EB\\u1EBB\\u011B\\u0205\\u0207\\u1EB9\\u1EC7\\u0229\\u1E1D\\u0119\\u1E19\\u1E1B\\u0247\\u025B\\u01DD]","f":"[\\u0066\\u24D5\\uFF46\\u1E1F\\u0192\\uA77C]","g":"[\\u0067\\u24D6\\uFF47\\u01F5\\u011D\\u1E21\\u011F\\u0121\\u01E7\\u0123\\u01E5\\u0260\\uA7A1\\u1D79\\uA77F]","h":"[\\u0068\\u24D7\\uFF48\\u0125\\u1E23\\u1E27\\u021F\\u1E25\\u1E29\\u1E2B\\u1E96\\u0127\\u2C68\\u2C76\\u0265]","hv":"[\\u0195]","i":"[\\u0069\\u24D8\\uFF49\\u00EC\\u00ED\\u00EE\\u0129\\u012B\\u012D\\u00EF\\u1E2F\\u1EC9\\u01D0\\u0209\\u020B\\u1ECB\\u012F\\u1E2D\\u0268\\u0131]","j":"[\\u006A\\u24D9\\uFF4A\\u0135\\u01F0\\u0249]","k":"[\\u006B\\u24DA\\uFF4B\\u1E31\\u01E9\\u1E33\\u0137\\u1E35\\u0199\\u2C6A\\uA741\\uA743\\uA745\\uA7A3]","l":"[\\u006C\\u24DB\\uFF4C\\u0140\\u013A\\u013E\\u1E37\\u1E39\\u013C\\u1E3D\\u1E3B\\u017F\\u0142\\u019A\\u026B\\u2C61\\uA749\\uA781\\uA747]","lj":"[\\u01C9]","m":"[\\u006D\\u24DC\\uFF4D\\u1E3F\\u1E41\\u1E43\\u0271\\u026F]","n":"[\\u006E\\u24DD\\uFF4E\\u01F9\\u0144\\u00F1\\u1E45\\u0148\\u1E47\\u0146\\u1E4B\\u1E49\\u019E\\u0272\\u0149\\uA791\\uA7A5]","nj":"[\\u01CC]","o":"[\\u006F\\u24DE\\uFF4F\\u00F2\\u00F3\\u00F4\\u1ED3\\u1ED1\\u1ED7\\u1ED5\\u00F5\\u1E4D\\u022D\\u1E4F\\u014D\\u1E51\\u1E53\\u014F\\u022F\\u0231\\u00F6\\u022B\\u1ECF\\u0151\\u01D2\\u020D\\u020F\\u01A1\\u1EDD\\u1EDB\\u1EE1\\u1EDF\\u1EE3\\u1ECD\\u1ED9\\u01EB\\u01ED\\u00F8\\u01FF\\u0254\\uA74B\\uA74D\\u0275]","oi":"[\\u01A3]","ou":"[\\u0223]","oo":"[\\uA74F]","p":"[\\u0070\\u24DF\\uFF50\\u1E55\\u1E57\\u01A5\\u1D7D\\uA751\\uA753\\uA755]","q":"[\\u0071\\u24E0\\uFF51\\u024B\\uA757\\uA759]","r":"[\\u0072\\u24E1\\uFF52\\u0155\\u1E59\\u0159\\u0211\\u0213\\u1E5B\\u1E5D\\u0157\\u1E5F\\u024D\\u027D\\uA75B\\uA7A7\\uA783]","s":"[\\u0073\\u24E2\\uFF53\\u015B\\u1E65\\u015D\\u1E61\\u0161\\u1E67\\u1E63\\u1E69\\u0219\\u015F\\u023F\\uA7A9\\uA785\\u1E9B]","ss":"[\\u00DF]","t":"[\\u0074\\u24E3\\uFF54\\u1E6B\\u1E97\\u0165\\u1E6D\\u021B\\u0163\\u1E71\\u1E6F\\u0167\\u01AD\\u0288\\u2C66\\uA787]","tz":"[\\uA729]","u":"[\\u0075\\u24E4\\uFF55\\u00F9\\u00FA\\u00FB\\u0169\\u1E79\\u016B\\u1E7B\\u016D\\u00FC\\u01DC\\u01D8\\u01D6\\u01DA\\u1EE7\\u016F\\u0171\\u01D4\\u0215\\u0217\\u01B0\\u1EEB\\u1EE9\\u1EEF\\u1EED\\u1EF1\\u1EE5\\u1E73\\u0173\\u1E77\\u1E75\\u0289]","v":"[\\u0076\\u24E5\\uFF56\\u1E7D\\u1E7F\\u028B\\uA75F\\u028C]","vy":"[\\uA761]","w":"[\\u0077\\u24E6\\uFF57\\u1E81\\u1E83\\u0175\\u1E87\\u1E85\\u1E98\\u1E89\\u2C73]","x":"[\\u0078\\u24E7\\uFF58\\u1E8B\\u1E8D]","y":"[\\u0079\\u24E8\\uFF59\\u1EF3\\u00FD\\u0177\\u1EF9\\u0233\\u1E8F\\u00FF\\u1EF7\\u1E99\\u1EF5\\u01B4\\u024F\\u1EFF]","z":"[\\u007A\\u24E9\\uFF5A\\u017A\\u1E91\\u017C\\u017E\\u1E93\\u1E95\\u01B6\\u0225\\u0240\\u2C6C\\uA763]"},"researchesTests":["contentHasTOC","contentHasShortParagraphs","contentHasAssets","keywordInTitle","keywordInMetaDescription","keywordInPermalink","keywordIn10Percent","keywordInContent","keywordInSubheadings","keywordInImageAlt","keywordDensity","keywordNotUsed","lengthContent","lengthPermalink","linksHasInternal","linksHasExternals","linksNotAllExternals","titleStartWithKeyword","titleSentiment","titleHasPowerWords","titleHasNumber","hasContentAI"],"hasRedirection":false,"hasBreadcrumb":false},"homeUrl":"https:\/\/at-the-edge.uk.com","objectID":92,"objectType":"post","locale":"vi","localeFull":"vi","overlayImages":{"play":{"name":"Bi\u1ec3u t\u01b0\u1ee3ng ph\u00e1t","url":"https:\/\/at-the-edge.uk.com\/wp-content\/plugins\/seo-by-rank-math\/assets\/admin\/img\/icon-play.png","path":"\/www\/wwwroot\/at-the-edge.uk.com\/wp-content\/plugins\/seo-by-rank-math\/assets\/admin\/img\/icon-play.png","position":"middle_center"},"gif":{"name":"Bi\u1ec3u t\u01b0\u1ee3ng GIF","url":"https:\/\/at-the-edge.uk.com\/wp-content\/plugins\/seo-by-rank-math\/assets\/admin\/img\/icon-gif.png","path":"\/www\/wwwroot\/at-the-edge.uk.com\/wp-content\/plugins\/seo-by-rank-math\/assets\/admin\/img\/icon-gif.png","position":"middle_center"}},"defautOgImage":"https:\/\/at-the-edge.uk.com\/wp-content\/plugins\/seo-by-rank-math\/assets\/admin\/img\/social-placeholder.jpg","customPermalinks":true,"isUserRegistered":false,"autoSuggestKeywords":false,"connectSiteUrl":"https:\/\/rankmath.com\/auth?site=https%3A%2F%2Fat-the-edge.uk.com&r=https%3A%2F%2Fat-the-edge.uk.com%2Findex.php%2Fwp-json%2Fwp%2Fv2%2Fpages%2F92%3Fnonce%3D4930713788&pro=1","maxTags":100,"trendsIcon":"<svg width=\"100%\" height=\"100%\" viewBox=\"0 0 36 36\" version=\"1.1\" xmlns=\"http:\/\/www.w3.org\/2000\/svg\" xmlns:xlink=\"http:\/\/www.w3.org\/1999\/xlink\" fit=\"\" preserveAspectRatio=\"xMidYMid meet\" focusable=\"false\">\n\t\t<g id=\"Page-1\" stroke=\"none\" stroke-width=\"1\" fill=\"none\" fill-rule=\"evenodd\">\n\t\t\t<g id=\"Trends-Arrow\">\n\t\t\t\t<g id=\"TrendsArrow\">\n\t\t\t\t\t<path d=\"M1.11227159,26.3181534 L10.2875029,17.1429221 L13.7152617,20.5706809 L4.5400304,29.7459122 C4.20518633,30.0807563 3.66229681,30.0807562 3.32745277,29.7459122 L1.11136262,27.529822 C0.776518575,27.194978 0.776518548,26.6520885 1.11136262,26.3172444 L1.11227159,26.3181534 Z\" id=\"Shape\" fill=\"#4285F4\" fill-rule=\"nonzero\"><\/path>\n\t\t\t\t\t<path d=\"M14.3201543,14.3211528 L22.283717,22.2847155 L19.4658829,25.1025495 C19.1310388,25.4373936 18.5881494,25.4373937 18.2533053,25.1025495 L10.2906516,17.1398959 L13.1084857,14.3220618 C13.4429747,13.987572 13.9851638,13.9871653 14.3201543,14.3211528 Z\" id=\"Shape\" fill=\"#EA4335\" fill-rule=\"nonzero\"><\/path>\n\t\t\t\t\t<polygon id=\"Rectangle-path\" fill=\"#FABB05\" fill-rule=\"nonzero\" points=\"18.8573051 18.8577571 28.2843236 9.43073862 31.7120824 12.8584974 22.2850639 22.2855159\"><\/polygon>\n\t\t\t\t\t<path d=\"M35.0711567,15.5054713 L35.0711567,7 L35.0711567,7 C35.0711567,6.44771525 34.6234415,6 34.0711567,6 L25.5656854,6 L25.5656854,6 C25.0134007,6 24.5656854,6.44771525 24.5656854,7 C24.5656854,7.26521649 24.6710423,7.5195704 24.8585786,7.70710678 L33.3640499,16.2125781 L33.3640499,16.2125781 C33.7545742,16.6031024 34.3877392,16.6031024 34.7782635,16.2125781 C34.9657999,16.0250417 35.0711567,15.7706878 35.0711567,15.5054713 Z\" id=\"Shape\" fill=\"#34A853\" fill-rule=\"nonzero\"><\/path>\n\t\t\t\t\t<rect id=\"Rectangle-path\" x=\"0\" y=\"0\" width=\"36\" height=\"36\"><\/rect>\n\t\t\t\t<\/g>\n\t\t\t<\/g>\n\t\t<\/g>\n\t<\/svg>","showScore":true,"siteFavIcon":"https:\/\/at-the-edge.uk.com\/wp-content\/uploads\/2025\/08\/favicon-luck8-150x150.jpg","canUser":{"general":false,"advanced":false,"snippet":false,"social":false,"analysis":false,"analytics":false,"content_ai":false},"showKeywordIntent":true,"isPro":true,"is_front_page":false,"trendsUpgradeLink":"https:\/\/at-the-edge.uk.com\/wp-admin\/admin.php?page=rank-math&view=help","trendsUpgradeLabel":"Activate now","trendsPreviewImage":"https:\/\/at-the-edge.uk.com\/wp-content\/plugins\/seo-by-rank-math\/assets\/admin\/img\/trends-preview.jpg","currentEditor":false,"homepageData":{"assessor":{"powerWords":[],"diacritics":true,"researchesTests":["contentHasTOC","contentHasShortParagraphs","contentHasAssets","keywordInTitle","keywordInMetaDescription","keywordInPermalink","keywordIn10Percent","keywordInContent","keywordInSubheadings","keywordInImageAlt","keywordDensity","keywordNotUsed","lengthContent","lengthPermalink","linksHasInternal","linksHasExternals","linksNotAllExternals","titleStartWithKeyword","titleSentiment","titleHasPowerWords","titleHasNumber","hasContentAI"],"hasBreadcrumb":false,"serpData":{"title":"%sitename% %page% %sep% %sitedesc%","description":"","titleTemplate":"%sitename% %page% %sep% %sitedesc%","descriptionTemplate":"","focusKeywords":"","breadcrumbTitle":"Home","robots":{"index":true},"advancedRobots":[],"facebookTitle":"","facebookDescription":"","facebookImage":"","facebookImageID":""}}},"tocTitle":"Table of Contents","tocExcludeHeadings":[],"listStyle":"ul"},"_links":{"self":[{"href":"https:\/\/at-the-edge.uk.com\/index.php\/wp-json\/wp\/v2\/pages\/92","targetHints":{"allow":["GET"]}}],"collection":[{"href":"https:\/\/at-the-edge.uk.com\/index.php\/wp-json\/wp\/v2\/pages"}],"about":[{"href":"https:\/\/at-the-edge.uk.com\/index.php\/wp-json\/wp\/v2\/types\/page"}],"author":[{"embeddable":true,"href":"https:\/\/at-the-edge.uk.com\/index.php\/wp-json\/wp\/v2\/users\/1"}],"replies":[{"embeddable":true,"href":"https:\/\/at-the-edge.uk.com\/index.php\/wp-json\/wp\/v2\/comments?post=92"}],"version-history":[{"count":2,"href":"https:\/\/at-the-edge.uk.com\/index.php\/wp-json\/wp\/v2\/pages\/92\/revisions"}],"predecessor-version":[{"id":98,"href":"https:\/\/at-the-edge.uk.com\/index.php\/wp-json\/wp\/v2\/pages\/92\/revisions\/98"}],"wp:featuredmedia":[{"embeddable":true,"href":"https:\/\/at-the-edge.uk.com\/index.php\/wp-json\/wp\/v2\/media\/95"}],"wp:attachment":[{"href":"https:\/\/at-the-edge.uk.com\/index.php\/wp-json\/wp\/v2\/media?parent=92"}],"curies":[{"name":"wp","href":"https:\/\/api.w.org\/{rel}","templated":true}]}}